{"id":47,"date":"2024-02-03T18:44:45","date_gmt":"2024-02-03T18:44:45","guid":{"rendered":"https:\/\/www.colegiolosolivos.es\/carrerapopular\/?page_id=47"},"modified":"2026-01-12T10:32:12","modified_gmt":"2026-01-12T10:32:12","slug":"horario-y-actividades","status":"publish","type":"page","link":"https:\/\/www.colegiolosolivos.es\/carrerapopular\/?page_id=47","title":{"rendered":"Horario y Actividades"},"content":{"rendered":"<p>[et_pb_section fb_built=\u00bb1&#8243; admin_label=\u00bbHero\u00bb _builder_version=\u00bb4.16&#8243; use_background_color_gradient=\u00bbon\u00bb background_color_gradient_stops=\u00bbrgba(0,0,0,0.5) 0%|rgba(0,0,0,0) 100%\u00bb background_color_gradient_overlays_image=\u00bbon\u00bb background_color_gradient_start=\u00bbrgba(0,0,0,0.5)\u00bb background_color_gradient_end=\u00bbrgba(0,0,0,0)\u00bb background_image=\u00bbhttps:\/\/www.colegiolosolivos.es\/carrerapopular\/wp-content\/uploads\/2024\/02\/running_image_23.jpg\u00bb custom_margin=\u00bb|||\u00bb custom_padding=\u00bb180px||0px|\u00bb bottom_divider_style=\u00bbslant\u00bb bottom_divider_color=\u00bb#ffffff\u00bb bottom_divider_flip=\u00bbhorizontal\u00bb animation_style=\u00bbslide\u00bb animation_direction=\u00bbtop\u00bb animation_intensity_slide=\u00bb5%\u00bb animation_starting_opacity=\u00bb100%\u00bb global_colors_info=\u00bb{}\u00bb][et_pb_row column_structure=\u00bb3_4,1_4&#8243; _builder_version=\u00bb4.16&#8243; background_size=\u00bbinitial\u00bb background_position=\u00bbtop_left\u00bb background_repeat=\u00bbrepeat\u00bb custom_padding=\u00bb27px|0px|0px|0px\u00bb global_colors_info=\u00bb{}\u00bb][et_pb_column type=\u00bb3_4&#8243; _builder_version=\u00bb4.16&#8243; custom_padding=\u00bb|||\u00bb global_colors_info=\u00bb{}\u00bb custom_padding__hover=\u00bb|||\u00bb][et_pb_text admin_label=\u00bbTitle\u00bb _builder_version=\u00bb4.16&#8243; text_font=\u00bb||||||||\u00bb header_font=\u00bbMontserrat|600|||||||\u00bb header_font_size=\u00bb80px\u00bb header_line_height=\u00bb1.2em\u00bb background_layout=\u00bbdark\u00bb animation_style=\u00bbzoom\u00bb animation_direction=\u00bbleft\u00bb animation_intensity_zoom=\u00bb10%\u00bb header_font_size_tablet=\u00bb\u00bb header_font_size_phone=\u00bb72px\u00bb header_font_size_last_edited=\u00bbon|phone\u00bb global_colors_info=\u00bb{}\u00bb]<\/p>\n<h1>Horario<\/h1>\n<p>[\/et_pb_text][et_pb_divider color=\u00bbrgba(255,255,255,0.7)\u00bb divider_weight=\u00bb3px\u00bb _builder_version=\u00bb4.16&#8243; max_width=\u00bb120px\u00bb animation_style=\u00bbzoom\u00bb animation_direction=\u00bbleft\u00bb global_colors_info=\u00bb{}\u00bb][\/et_pb_divider][\/et_pb_column][et_pb_column type=\u00bb1_4&#8243; _builder_version=\u00bb4.16&#8243; custom_padding=\u00bb|||\u00bb global_colors_info=\u00bb{}\u00bb custom_padding__hover=\u00bb|||\u00bb][\/et_pb_column][\/et_pb_row][et_pb_row column_structure=\u00bb2_3,1_3&#8243; _builder_version=\u00bb4.16&#8243; background_size=\u00bbinitial\u00bb background_position=\u00bbtop_left\u00bb background_repeat=\u00bbrepeat\u00bb custom_margin=\u00bb|||\u00bb animation_style=\u00bbzoom\u00bb animation_direction=\u00bbleft\u00bb animation_delay=\u00bb100ms\u00bb animation_intensity_zoom=\u00bb10%\u00bb global_colors_info=\u00bb{}\u00bb][et_pb_column type=\u00bb2_3&#8243; _builder_version=\u00bb4.16&#8243; background_color=\u00bb#ffffff\u00bb custom_padding=\u00bb40px|40px|40px|40px\u00bb global_colors_info=\u00bb{}\u00bb custom_padding__hover=\u00bb|||\u00bb][et_pb_text _builder_version=\u00bb4.27.4&#8243; text_font=\u00bbMontserrat|500|||||||\u00bb text_text_color=\u00bb#2a2a2a\u00bb text_font_size=\u00bb24px\u00bb header_font=\u00bb||||||||\u00bb animation_style=\u00bbfade\u00bb hover_enabled=\u00bb0&#8243; global_colors_info=\u00bb{}\u00bb sticky_enabled=\u00bb0&#8243;]<\/p>\n<p><span style=\"font-size: 24px;\">28 de Febrero &#8211; 8:30 hasta 15 min antes de la carrera de cada categor\u00eda &#8211; Recogida de Dorsales en Centro Educativo Los Olivos<\/span><\/p>\n<p>28 de Febrero &#8211; 10:00 &#8211; Comienzo Carrera 5K\/10K<\/p>\n<p>28 de Febrero &#8211; 11:10 &#8211; Entrega de Trofeos 5K\/10K<\/p>\n<p>28 de Febrero &#8211; 11:30 ~ 12:40 &#8211; Comienzo Carreras Infantiles<\/p>\n<p>28 de Febrero &#8211; 12:50 &#8211; Entrega de Trofeos Carrera Infantiles<\/p>\n<p>[\/et_pb_text][\/et_pb_column][et_pb_column type=\u00bb1_3&#8243; _builder_version=\u00bb4.16&#8243; custom_padding=\u00bb|||\u00bb global_colors_info=\u00bb{}\u00bb custom_padding__hover=\u00bb|||\u00bb][\/et_pb_column][\/et_pb_row][et_pb_row _builder_version=\u00bb4.16&#8243; custom_padding=\u00bb27px|0px|0px|0px\u00bb global_colors_info=\u00bb{}\u00bb][et_pb_column type=\u00bb4_4&#8243; _builder_version=\u00bb4.16&#8243; custom_padding=\u00bb|||\u00bb global_colors_info=\u00bb{}\u00bb custom_padding__hover=\u00bb|||\u00bb][et_pb_button button_url=\u00bbhttps:\/\/www.alcanzatumeta.es\/inscrip-previa.php?id=1144413&#8243; url_new_window=\u00bbon\u00bb button_text=\u00bb\u00a1Inscr\u00edbete!\u00bb _builder_version=\u00bb4.27.4&#8243; custom_button=\u00bbon\u00bb button_bg_use_color_gradient=\u00bbon\u00bb button_bg_color_gradient_direction=\u00bb90deg\u00bb button_bg_color_gradient_stops=\u00bb#7cda24 0%|#44580e 99%\u00bb button_bg_color_gradient_start=\u00bb#4968ff\u00bb button_bg_color_gradient_end=\u00bb#6fe5f3&#8243; button_border_width=\u00bb0px\u00bb button_border_radius=\u00bb0px\u00bb button_font=\u00bbMontserrat|500||on|||||\u00bb button_icon=\u00bb&#x24;||divi||400&#8243; button_on_hover=\u00bboff\u00bb background_layout=\u00bbdark\u00bb custom_margin=\u00bb|||\u00bb custom_padding=\u00bb24px|60px|24px|40px\u00bb animation_style=\u00bbzoom\u00bb animation_direction=\u00bbleft\u00bb animation_delay=\u00bb200ms\u00bb animation_intensity_zoom=\u00bb10%\u00bb hover_enabled=\u00bb0&#8243; global_colors_info=\u00bb{}\u00bb button_text_size__hover_enabled=\u00bboff\u00bb button_one_text_size__hover_enabled=\u00bboff\u00bb button_two_text_size__hover_enabled=\u00bboff\u00bb button_text_color__hover_enabled=\u00bboff\u00bb button_one_text_color__hover_enabled=\u00bboff\u00bb button_two_text_color__hover_enabled=\u00bboff\u00bb button_border_width__hover_enabled=\u00bboff\u00bb button_one_border_width__hover_enabled=\u00bboff\u00bb button_two_border_width__hover_enabled=\u00bboff\u00bb button_border_color__hover_enabled=\u00bboff\u00bb button_one_border_color__hover_enabled=\u00bboff\u00bb button_two_border_color__hover_enabled=\u00bboff\u00bb button_border_radius__hover_enabled=\u00bboff\u00bb button_one_border_radius__hover_enabled=\u00bboff\u00bb button_two_border_radius__hover_enabled=\u00bboff\u00bb button_letter_spacing__hover_enabled=\u00bboff\u00bb button_one_letter_spacing__hover_enabled=\u00bboff\u00bb button_two_letter_spacing__hover_enabled=\u00bboff\u00bb button_bg_color__hover_enabled=\u00bboff\u00bb button_one_bg_color__hover_enabled=\u00bboff\u00bb button_two_bg_color__hover_enabled=\u00bboff\u00bb sticky_enabled=\u00bb0&#8243;][\/et_pb_button][\/et_pb_column][\/et_pb_row][\/et_pb_section][et_pb_section fb_built=\u00bb1&#8243; admin_label=\u00bbAbout\u00bb _builder_version=\u00bb4.16&#8243; custom_padding=\u00bb90px||90px|\u00bb global_colors_info=\u00bb{}\u00bb][et_pb_row _builder_version=\u00bb4.16&#8243; animation_style=\u00bbzoom\u00bb animation_intensity_zoom=\u00bb20%\u00bb global_colors_info=\u00bb{}\u00bb][et_pb_column type=\u00bb4_4&#8243; _builder_version=\u00bb4.16&#8243; custom_padding=\u00bb|||\u00bb global_colors_info=\u00bb{}\u00bb custom_padding__hover=\u00bb|||\u00bb][et_pb_countdown_timer title=\u00bbCuenta atr\u00e1s para la carrera\u00bb date_time=\u00bb2026-02-28 10:00&#8243; _builder_version=\u00bb4.27.4&#8243; header_font=\u00bbMontserrat||||||||\u00bb numbers_font=\u00bbMontserrat|500|||||||\u00bb numbers_font_size=\u00bb60px\u00bb numbers_letter_spacing=\u00bb8px\u00bb label_font=\u00bbMontserrat||||||||\u00bb use_background_color_gradient=\u00bbon\u00bb background_color_gradient_direction=\u00bb120deg\u00bb background_color_gradient_stops=\u00bb#7cda24 1%|#44580e 100%\u00bb background_color_gradient_start=\u00bb#a258ff\u00bb background_color_gradient_end=\u00bb#308cff\u00bb custom_margin=\u00bb|||\u00bb custom_padding=\u00bb100px||100px|\u00bb hover_enabled=\u00bb0&#8243; box_shadow_style=\u00bbpreset3&#8243; box_shadow_vertical=\u00bb45px\u00bb box_shadow_blur=\u00bb62px\u00bb box_shadow_color=\u00bbrgba(18,47,100,0.2)\u00bb global_colors_info=\u00bb{}\u00bb sticky_enabled=\u00bb0&#8243;][\/et_pb_countdown_timer][\/et_pb_column][\/et_pb_row][\/et_pb_section][et_pb_section fb_built=\u00bb1&#8243; disabled_on=\u00bbon|on|on\u00bb _builder_version=\u00bb4.21.0&#8243; _module_preset=\u00bbdefault\u00bb disabled=\u00bbon\u00bb global_colors_info=\u00bb{}\u00bb][et_pb_row _builder_version=\u00bb4.21.0&#8243; _module_preset=\u00bbdefault\u00bb global_colors_info=\u00bb{}\u00bb][et_pb_column type=\u00bb4_4&#8243; _builder_version=\u00bb4.21.0&#8243; _module_preset=\u00bbdefault\u00bb global_colors_info=\u00bb{}\u00bb][et_pb_image src=\u00bbhttps:\/\/www.colegiolosolivos.es\/carrerapopular\/wp-content\/uploads\/2024\/02\/plano-carrera-2-1.png\u00bb title_text=\u00bbplano carrera (2) (1)\u00bb _builder_version=\u00bb4.21.0&#8243; _module_preset=\u00bbdefault\u00bb global_colors_info=\u00bb{}\u00bb][\/et_pb_image][\/et_pb_column][\/et_pb_row][\/et_pb_section][et_pb_section fb_built=\u00bb1&#8243; admin_label=\u00bbFAQ\u00bb _builder_version=\u00bb4.16&#8243; custom_padding=\u00bb90px|0px|90px|0px\u00bb global_colors_info=\u00bb{}\u00bb][et_pb_row _builder_version=\u00bb4.16&#8243; module_alignment=\u00bbcenter\u00bb custom_margin=\u00bb|||\u00bb custom_margin_tablet=\u00bb0px|||\u00bb custom_margin_phone=\u00bb0px|||\u00bb custom_margin_last_edited=\u00bboff|desktop\u00bb custom_padding=\u00bb|||\u00bb global_colors_info=\u00bb{}\u00bb][et_pb_column type=\u00bb4_4&#8243; _builder_version=\u00bb4.16&#8243; background_color_gradient_direction=\u00bb35deg\u00bb background_color_gradient_start=\u00bb#ff6a88&#8243; background_color_gradient_end=\u00bb#ff99ac\u00bb custom_padding=\u00bb|||\u00bb custom_padding_tablet=\u00bb|0px||\u00bb global_colors_info=\u00bb{}\u00bb padding_tablet=\u00bb|0px||\u00bb custom_padding__hover=\u00bb|||\u00bb][et_pb_text admin_label=\u00bbSubtitle\u00bb _builder_version=\u00bb4.21.0&#8243; text_font=\u00bbMontserrat|500||on|||||\u00bb text_text_color=\u00bbrgba(0,0,0,0.25)\u00bb header_font=\u00bb||||||||\u00bb animation_direction=\u00bbright\u00bb global_colors_info=\u00bb{}\u00bb]<\/p>\n<p>HORARIO<\/p>\n<p>[\/et_pb_text][et_pb_text admin_label=\u00bbTitle\u00bb _builder_version=\u00bb4.16&#8243; text_font=\u00bb||||||||\u00bb header_font=\u00bb||||||||\u00bb header_2_font=\u00bbMontserrat|500|||||||\u00bb header_2_font_size=\u00bb30px\u00bb header_2_line_height=\u00bb1.4em\u00bb animation_style=\u00bbfade\u00bb animation_direction=\u00bbright\u00bb animation_starting_opacity=\u00bb100%\u00bb global_colors_info=\u00bb{}\u00bb]<\/p>\n<h2>Horario Completo<\/h2>\n<p>[\/et_pb_text][et_pb_divider color=\u00bb#4866ff\u00bb divider_weight=\u00bb3px\u00bb _builder_version=\u00bb4.16&#8243; max_width=\u00bb80px\u00bb animation_style=\u00bbslide\u00bb animation_direction=\u00bbright\u00bb animation_intensity_slide=\u00bb5%\u00bb animation_starting_opacity=\u00bb100%\u00bb global_colors_info=\u00bb{}\u00bb][\/et_pb_divider][\/et_pb_column][\/et_pb_row][et_pb_row _builder_version=\u00bb4.16&#8243; module_alignment=\u00bbcenter\u00bb custom_margin=\u00bb|||\u00bb custom_margin_tablet=\u00bb0px|||\u00bb custom_margin_phone=\u00bb0px|||\u00bb custom_margin_last_edited=\u00bboff|desktop\u00bb custom_padding=\u00bb|||\u00bb global_colors_info=\u00bb{}\u00bb][et_pb_column type=\u00bb4_4&#8243; _builder_version=\u00bb4.16&#8243; background_color_gradient_direction=\u00bb35deg\u00bb background_color_gradient_start=\u00bb#ff6a88&#8243; background_color_gradient_end=\u00bb#ff99ac\u00bb custom_padding=\u00bb|||\u00bb custom_padding_tablet=\u00bb|0px||\u00bb custom_padding_last_edited=\u00bboff|desktop\u00bb global_colors_info=\u00bb{}\u00bb padding_tablet=\u00bb|0px||\u00bb padding_last_edited=\u00bboff|desktop\u00bb custom_padding__hover=\u00bb|||\u00bb][et_pb_blurb title=\u00bbApertura de Inscripciones &#8211; 8 de Enero\u00bb use_icon=\u00bbon\u00bb font_icon=\u00bb&#xe023;||divi||400&#8243; icon_color=\u00bb#4866ff\u00bb icon_placement=\u00bbleft\u00bb _builder_version=\u00bb4.27.4&#8243; header_font=\u00bbMontserrat|500|||||||\u00bb header_font_size=\u00bb15px\u00bb body_font=\u00bbMontserrat|300|||||||\u00bb body_line_height=\u00bb1.8em\u00bb custom_margin=\u00bb||60px|\u00bb hover_enabled=\u00bb0&#8243; global_colors_info=\u00bb{}\u00bb sticky_enabled=\u00bb0&#8243;]<\/p>\n<p style=\"text-align: justify;\">Apertura de inscripciones en alcanzatumeta.es. El m\u00e1ximo de inscritos todas las categor\u00edas de las carreras absolutas es de 500 participantes. Siendo de 60 participantes en cada una de las carreras infantiles.<\/p>\n<p><a href=\"https:\/\/www.alcanzatumeta.es\/inscrip-previa.php?id=1144413\" target=\"_blank\" rel=\"noopener\">Acceso a Inscripci\u00f3n<\/a><\/p>\n<p>[\/et_pb_blurb][et_pb_blurb title=\u00bbFin Cuota Inscripci\u00f3n Reducida &#8211; 1 de Febrero\u00bb use_icon=\u00bbon\u00bb font_icon=\u00bb&#xe023;||divi||400&#8243; icon_color=\u00bb#4866ff\u00bb icon_placement=\u00bbleft\u00bb _builder_version=\u00bb4.27.4&#8243; header_font=\u00bbMontserrat|500|||||||\u00bb header_font_size=\u00bb15px\u00bb body_font=\u00bbMontserrat|300|||||||\u00bb body_line_height=\u00bb1.8em\u00bb custom_margin=\u00bb||60px|\u00bb hover_enabled=\u00bb0&#8243; global_colors_info=\u00bb{}\u00bb sticky_enabled=\u00bb0&#8243;]<\/p>\n<p style=\"text-align: justify;\">Hasta esta fecha, las cuotas de inscripci\u00f3n de la carrera 10K y 5K contar\u00e1n con un precio reducido tanto para federados como p\u00fablico en general.<\/p>\n<p>[\/et_pb_blurb][et_pb_blurb title=\u00bbCierre de Inscripciones &#8211; 26 de Febrero\u00bb use_icon=\u00bbon\u00bb font_icon=\u00bb&#xe023;||divi||400&#8243; icon_color=\u00bb#4866ff\u00bb icon_placement=\u00bbleft\u00bb _builder_version=\u00bb4.27.4&#8243; header_font=\u00bbMontserrat|500|||||||\u00bb header_font_size=\u00bb15px\u00bb body_font=\u00bbMontserrat|300|||||||\u00bb body_line_height=\u00bb1.8em\u00bb custom_margin=\u00bb||60px|\u00bb hover_enabled=\u00bb0&#8243; global_colors_info=\u00bb{}\u00bb sticky_enabled=\u00bb0&#8243;]<\/p>\n<p style=\"text-align: justify;\">A las 20:00 se cerrar\u00e1n las inscripciones. Las pre-inscripciones que no hayan sido abonadas pasadas 24h, no se les podr\u00e1 asegurar su participaci\u00f3n en la carrera. Los participantes podr\u00e1n comprobar el estado de la inscripci\u00f3n en el siguiente enlace.<\/p>\n<p><a href=\"https:\/\/www.alcanzatumeta.es\/consultador.php\" target=\"_blank\" rel=\"noopener\">Comprueba tu inscripci\u00f3n<\/a><\/p>\n<p>[\/et_pb_blurb][et_pb_blurb title=\u00bbEntrega de Dorsales &#8211; 28 de Febrero &#8211; 8:00&#8243; use_icon=\u00bbon\u00bb font_icon=\u00bb&#xe023;||divi||400&#8243; icon_color=\u00bb#4866ff\u00bb icon_placement=\u00bbleft\u00bb _builder_version=\u00bb4.27.4&#8243; header_font=\u00bbMontserrat|500|||||||\u00bb header_font_size=\u00bb15px\u00bb body_font=\u00bbMontserrat|300|||||||\u00bb body_line_height=\u00bb1.8em\u00bb custom_margin=\u00bb||60px|\u00bb hover_enabled=\u00bb0&#8243; locked=\u00bboff\u00bb global_colors_info=\u00bb{}\u00bb sticky_enabled=\u00bb0&#8243;]<\/p>\n<p>Desde las 8:00 hasta 30 minutos antes de la salida de cada carrera se podr\u00e1n recoger los dorsales para la carrera correspondiente.<\/p>\n<p>[\/et_pb_blurb][et_pb_blurb title=\u00bbApertura de Consigna &#8211; 28 de Febrero &#8211; 8:10&#8243; use_icon=\u00bbon\u00bb font_icon=\u00bb&#xe023;||divi||400&#8243; icon_color=\u00bb#4866ff\u00bb icon_placement=\u00bbleft\u00bb _builder_version=\u00bb4.27.4&#8243; header_font=\u00bbMontserrat|500|||||||\u00bb header_font_size=\u00bb15px\u00bb body_font=\u00bbMontserrat|300|||||||\u00bb body_line_height=\u00bb1.8em\u00bb custom_margin=\u00bb||60px|\u00bb hover_enabled=\u00bb0&#8243; locked=\u00bboff\u00bb global_colors_info=\u00bb{}\u00bb sticky_enabled=\u00bb0&#8243;]<\/p>\n<p>Apertura de la consigna para que los participantes puedan dejar sus pertenencias<\/p>\n<p>[\/et_pb_blurb][et_pb_blurb title=\u00bbOpen Day Los Olivos &#8211; 28 de Febrero &#8211; 9:30&#8243; use_icon=\u00bbon\u00bb font_icon=\u00bb&#xe023;||divi||400&#8243; icon_color=\u00bb#4866ff\u00bb icon_placement=\u00bbleft\u00bb _builder_version=\u00bb4.27.4&#8243; header_font=\u00bbMontserrat|500|||||||\u00bb header_font_size=\u00bb15px\u00bb body_font=\u00bbMontserrat|300|||||||\u00bb body_line_height=\u00bb1.8em\u00bb custom_margin=\u00bb||60px|\u00bb hover_enabled=\u00bb0&#8243; locked=\u00bboff\u00bb global_colors_info=\u00bb{}\u00bb sticky_enabled=\u00bb0&#8243;]<\/p>\n<p>Comienzo de las visitas del Open Day del Centro Educativo Los Olivos. \u00a1Conoce el centro!<\/p>\n<p><a href=\"https:\/\/forms.gle\/J2TGP4BmrEFDXWvj7\">\u00a1Pide tu cita!<\/a><\/p>\n<p>[\/et_pb_blurb][et_pb_blurb title=\u00bbSalida Carrera 10K \/ 5K &#8211; 28 de Febrero &#8211; 10:00&#8243; use_icon=\u00bbon\u00bb font_icon=\u00bb&#xe023;||divi||400&#8243; icon_color=\u00bb#4866ff\u00bb icon_placement=\u00bbleft\u00bb _builder_version=\u00bb4.27.4&#8243; header_font=\u00bbMontserrat|500|||||||\u00bb header_font_size=\u00bb15px\u00bb body_font=\u00bbMontserrat|300|||||||\u00bb body_line_height=\u00bb1.8em\u00bb custom_margin=\u00bb||60px|\u00bb hover_enabled=\u00bb0&#8243; locked=\u00bboff\u00bb global_colors_info=\u00bb{}\u00bb sticky_enabled=\u00bb0&#8243;][\/et_pb_blurb][et_pb_blurb title=\u00bbApertura Piscina Climatizada &#8211; 28 de Febrero &#8211; 10:05&#8243; use_icon=\u00bbon\u00bb font_icon=\u00bb&#xe023;||divi||400&#8243; icon_color=\u00bb#4866ff\u00bb icon_placement=\u00bbleft\u00bb _builder_version=\u00bb4.27.4&#8243; header_font=\u00bbMontserrat|500|||||||\u00bb header_font_size=\u00bb15px\u00bb body_font=\u00bbMontserrat|300|||||||\u00bb body_line_height=\u00bb1.8em\u00bb custom_margin=\u00bb||60px|\u00bb hover_enabled=\u00bb0&#8243; locked=\u00bboff\u00bb global_colors_info=\u00bb{}\u00bb sticky_enabled=\u00bb0&#8243;][\/et_pb_blurb][et_pb_blurb title=\u00bbComienzo Servicio Fisioterapia &#8211; 28 de Febrero &#8211; 10:30&#8243; use_icon=\u00bbon\u00bb font_icon=\u00bb&#xe023;||divi||400&#8243; icon_color=\u00bb#4866ff\u00bb icon_placement=\u00bbleft\u00bb _builder_version=\u00bb4.27.4&#8243; header_font=\u00bbMontserrat|500|||||||\u00bb header_font_size=\u00bb15px\u00bb body_font=\u00bbMontserrat|300|||||||\u00bb body_line_height=\u00bb1.8em\u00bb custom_margin=\u00bb||60px|\u00bb hover_enabled=\u00bb0&#8243; locked=\u00bboff\u00bb global_colors_info=\u00bb{}\u00bb sticky_enabled=\u00bb0&#8243;][\/et_pb_blurb][et_pb_blurb title=\u00bbEntrega de Premios Carrera 10K y 5K &#8211; 28 de Febrero &#8211; 11:10&#8243; use_icon=\u00bbon\u00bb font_icon=\u00bb&#xe023;||divi||400&#8243; icon_color=\u00bb#4866ff\u00bb icon_placement=\u00bbleft\u00bb _builder_version=\u00bb4.27.4&#8243; header_font=\u00bbMontserrat|500|||||||\u00bb header_font_size=\u00bb15px\u00bb body_font=\u00bbMontserrat|300|||||||\u00bb body_line_height=\u00bb1.8em\u00bb custom_margin=\u00bb||60px|\u00bb hover_enabled=\u00bb0&#8243; locked=\u00bboff\u00bb global_colors_info=\u00bb{}\u00bb sticky_enabled=\u00bb0&#8243;][\/et_pb_blurb][et_pb_blurb title=\u00bbSalida Carrera Cadete y Juvenil &#8211; 28 de Febrero &#8211; 11:30&#8243; use_icon=\u00bbon\u00bb font_icon=\u00bb&#xe023;||divi||400&#8243; icon_color=\u00bb#4866ff\u00bb icon_placement=\u00bbleft\u00bb _builder_version=\u00bb4.27.4&#8243; header_font=\u00bbMontserrat|500|||||||\u00bb header_font_size=\u00bb15px\u00bb body_font=\u00bbMontserrat|300|||||||\u00bb body_line_height=\u00bb1.8em\u00bb custom_margin=\u00bb||60px|\u00bb hover_enabled=\u00bb0&#8243; locked=\u00bboff\u00bb global_colors_info=\u00bb{}\u00bb sticky_enabled=\u00bb0&#8243;][\/et_pb_blurb][et_pb_blurb title=\u00bbSalida Carrera Infantil &#8211; 28 de Febrero &#8211; 11:45&#8243; use_icon=\u00bbon\u00bb font_icon=\u00bb&#xe023;||divi||400&#8243; icon_color=\u00bb#4866ff\u00bb icon_placement=\u00bbleft\u00bb _builder_version=\u00bb4.27.4&#8243; header_font=\u00bbMontserrat|500|||||||\u00bb header_font_size=\u00bb15px\u00bb body_font=\u00bbMontserrat|300|||||||\u00bb body_line_height=\u00bb1.8em\u00bb custom_margin=\u00bb||60px|\u00bb hover_enabled=\u00bb0&#8243; locked=\u00bboff\u00bb global_colors_info=\u00bb{}\u00bb sticky_enabled=\u00bb0&#8243;][\/et_pb_blurb][et_pb_blurb title=\u00bbSalida Carrera Alev\u00edn &#8211; 28 de Febrero &#8211; 12:00&#8243; use_icon=\u00bbon\u00bb font_icon=\u00bb&#xe023;||divi||400&#8243; icon_color=\u00bb#4866ff\u00bb icon_placement=\u00bbleft\u00bb _builder_version=\u00bb4.27.4&#8243; header_font=\u00bbMontserrat|500|||||||\u00bb header_font_size=\u00bb15px\u00bb body_font=\u00bbMontserrat|300|||||||\u00bb body_line_height=\u00bb1.8em\u00bb custom_margin=\u00bb||60px|\u00bb hover_enabled=\u00bb0&#8243; locked=\u00bboff\u00bb global_colors_info=\u00bb{}\u00bb sticky_enabled=\u00bb0&#8243;][\/et_pb_blurb][et_pb_blurb title=\u00bbSalida carrera Benjam\u00edn &#8211; 28 de Febrero &#8211; 12:10&#8243; use_icon=\u00bbon\u00bb font_icon=\u00bb&#xe023;||divi||400&#8243; icon_color=\u00bb#4866ff\u00bb icon_placement=\u00bbleft\u00bb _builder_version=\u00bb4.27.4&#8243; header_font=\u00bbMontserrat|500|||||||\u00bb header_font_size=\u00bb15px\u00bb body_font=\u00bbMontserrat|300|||||||\u00bb body_line_height=\u00bb1.8em\u00bb custom_margin=\u00bb||60px|\u00bb hover_enabled=\u00bb0&#8243; locked=\u00bboff\u00bb global_colors_info=\u00bb{}\u00bb sticky_enabled=\u00bb0&#8243;][\/et_pb_blurb][et_pb_blurb title=\u00bbSalida carrera Mini-benjam\u00edn &#8211; 28 de Febrero &#8211; 12:20&#8243; use_icon=\u00bbon\u00bb font_icon=\u00bb&#xe023;||divi||400&#8243; icon_color=\u00bb#4866ff\u00bb icon_placement=\u00bbleft\u00bb _builder_version=\u00bb4.27.4&#8243; header_font=\u00bbMontserrat|500|||||||\u00bb header_font_size=\u00bb15px\u00bb body_font=\u00bbMontserrat|300|||||||\u00bb body_line_height=\u00bb1.8em\u00bb custom_margin=\u00bb||60px|\u00bb hover_enabled=\u00bb0&#8243; locked=\u00bboff\u00bb global_colors_info=\u00bb{}\u00bb sticky_enabled=\u00bb0&#8243;][\/et_pb_blurb][et_pb_blurb title=\u00bbSalida carrera Prebenjam\u00edn (nacidos en 2019) &#8211; 28 de Febrero &#8211; 12:30&#8243; use_icon=\u00bbon\u00bb font_icon=\u00bb&#xe023;||divi||400&#8243; icon_color=\u00bb#4866ff\u00bb icon_placement=\u00bbleft\u00bb _builder_version=\u00bb4.27.4&#8243; header_font=\u00bbMontserrat|500|||||||\u00bb header_font_size=\u00bb15px\u00bb body_font=\u00bbMontserrat|300|||||||\u00bb body_line_height=\u00bb1.8em\u00bb custom_margin=\u00bb||60px|\u00bb hover_enabled=\u00bb0&#8243; locked=\u00bboff\u00bb global_colors_info=\u00bb{}\u00bb sticky_enabled=\u00bb0&#8243;][\/et_pb_blurb][et_pb_blurb title=\u00bbSalida carrera Prebenjam\u00edn (nacidos en 2020 y posteriores) &#8211; 28 de Febrero &#8211; 12:40&#8243; use_icon=\u00bbon\u00bb font_icon=\u00bb&#xe023;||divi||400&#8243; icon_color=\u00bb#4866ff\u00bb icon_placement=\u00bbleft\u00bb _builder_version=\u00bb4.27.4&#8243; header_font=\u00bbMontserrat|500|||||||\u00bb header_font_size=\u00bb15px\u00bb body_font=\u00bbMontserrat|300|||||||\u00bb body_line_height=\u00bb1.8em\u00bb custom_margin=\u00bb||60px|\u00bb hover_enabled=\u00bb0&#8243; locked=\u00bboff\u00bb global_colors_info=\u00bb{}\u00bb sticky_enabled=\u00bb0&#8243;][\/et_pb_blurb][et_pb_blurb title=\u00bbEntrega de trofeos carreras infantiles &#8211; 28 de Febrero &#8211; 12:50&#8243; use_icon=\u00bbon\u00bb font_icon=\u00bb&#xe023;||divi||400&#8243; icon_color=\u00bb#4866ff\u00bb icon_placement=\u00bbleft\u00bb _builder_version=\u00bb4.27.4&#8243; header_font=\u00bbMontserrat|500|||||||\u00bb header_font_size=\u00bb15px\u00bb body_font=\u00bbMontserrat|300|||||||\u00bb body_line_height=\u00bb1.8em\u00bb custom_margin=\u00bb||60px|\u00bb hover_enabled=\u00bb0&#8243; locked=\u00bboff\u00bb global_colors_info=\u00bb{}\u00bb sticky_enabled=\u00bb0&#8243;][\/et_pb_blurb][\/et_pb_column][\/et_pb_row][\/et_pb_section]<\/p>\n","protected":false},"excerpt":{"rendered":"<p>Horario28 de Febrero &#8211; 8:30 hasta 15 min antes de la carrera de cada categor\u00eda &#8211; Recogida de Dorsales en Centro Educativo Los Olivos 28 de Febrero &#8211; 10:00 &#8211; Comienzo Carrera 5K\/10K 28 de Febrero &#8211; 11:10 &#8211; Entrega de Trofeos 5K\/10K 28 de Febrero &#8211; 11:30 ~ 12:40 &#8211; Comienzo Carreras Infantiles 28 [&hellip;]<\/p>\n","protected":false},"author":1,"featured_media":0,"parent":0,"menu_order":0,"comment_status":"closed","ping_status":"closed","template":"","meta":{"_et_pb_use_builder":"on","_et_pb_old_content":"","_et_gb_content_width":"","footnotes":""},"class_list":["post-47","page","type-page","status-publish","hentry"],"_links":{"self":[{"href":"https:\/\/www.colegiolosolivos.es\/carrerapopular\/index.php?rest_route=\/wp\/v2\/pages\/47","targetHints":{"allow":["GET"]}}],"collection":[{"href":"https:\/\/www.colegiolosolivos.es\/carrerapopular\/index.php?rest_route=\/wp\/v2\/pages"}],"about":[{"href":"https:\/\/www.colegiolosolivos.es\/carrerapopular\/index.php?rest_route=\/wp\/v2\/types\/page"}],"author":[{"embeddable":true,"href":"https:\/\/www.colegiolosolivos.es\/carrerapopular\/index.php?rest_route=\/wp\/v2\/users\/1"}],"replies":[{"embeddable":true,"href":"https:\/\/www.colegiolosolivos.es\/carrerapopular\/index.php?rest_route=%2Fwp%2Fv2%2Fcomments&post=47"}],"version-history":[{"count":6,"href":"https:\/\/www.colegiolosolivos.es\/carrerapopular\/index.php?rest_route=\/wp\/v2\/pages\/47\/revisions"}],"predecessor-version":[{"id":123,"href":"https:\/\/www.colegiolosolivos.es\/carrerapopular\/index.php?rest_route=\/wp\/v2\/pages\/47\/revisions\/123"}],"wp:attachment":[{"href":"https:\/\/www.colegiolosolivos.es\/carrerapopular\/index.php?rest_route=%2Fwp%2Fv2%2Fmedia&parent=47"}],"curies":[{"name":"wp","href":"https:\/\/api.w.org\/{rel}","templated":true}]}}